{"id":4,"date":"2010-01-12T21:28:49","date_gmt":"2010-01-12T20:28:49","guid":{"rendered":"http:\/\/dorfchemnitz.com\/dcz.de_2010\/?page_id=4"},"modified":"2010-06-28T19:32:41","modified_gmt":"2010-06-28T17:32:41","slug":"alles-uber-dorfchemnitz","status":"publish","type":"page","link":"http:\/\/dorfchemnitz.de\/dcz.de_2010\/?page_id=4","title":{"rendered":"Dorfchemnitz"},"content":{"rendered":"<p>Einwohner  \tca. 1700<br \/>\nH\u00f6he \t470 m \u00fc. N.N.<br \/>\nFl\u00e4che \t837,44 ha<br \/>\nLandkreis \tStollberg (Erzgebirgskreis ab 2008)<br \/>\nKFZ-Kennzeichen \tSTL\/ERZ<br \/>\nPostleitzahl \tD-08297<br \/>\nVorwahl \t+(49) 37754<br \/>\nBundesland \tSachsen \/ Erzgebirgskreis<\/p>\n<p>Dorfchemnitz:<br \/>\nDer Name bedeutet &#8222;Dorf am steinigen Bach&#8220;<\/p>\n<p>seit 1.1.1998 eingemeindet zu Stadt Zw\u00f6nitz<\/p>\n<p>Dorfchemnitz liegt in einem kleinen Tal indem der Fluss Zw\u00f6nitz durchflie\u00dft. Der Ort hat eine H\u00f6he von 450- 470 m \u00fc. N.N. Dorfchemnitz wurde das erste mal im Jahre 1447 erw\u00e4hnt. Der Ort ist schon \u00fcber 800 Jahre alt.<\/p>\n<p><iframe width=\"425\" height=\"350\" frameborder=\"0\" scrolling=\"no\" marginheight=\"0\" marginwidth=\"0\" src=\"http:\/\/maps.google.de\/maps?f=q&amp;source=s_q&amp;hl=de&amp;geocode=&amp;q=dorfchemnitz+bei+zw%C3%B6nitz&amp;sll=50.767329,13.441877&amp;sspn=0.019733,0.034161&amp;g=Dorfchemnitz,+Mittelsachsen,+Sachsen&amp;ie=UTF8&amp;hq=dorfchemnitz&amp;hnear=Zw%C3%B6nitz,+Erzgebirgskreis,+Sachsen&amp;ll=50.655139,12.823657&amp;spn=0.06012,0.039055&amp;t=h&amp;output=embed\"><\/iframe><br \/><small><a href=\"http:\/\/maps.google.de\/maps?f=q&amp;source=embed&amp;hl=de&amp;geocode=&amp;q=dorfchemnitz+bei+zw%C3%B6nitz&amp;sll=50.767329,13.441877&amp;sspn=0.019733,0.034161&amp;g=Dorfchemnitz,+Mittelsachsen,+Sachsen&amp;ie=UTF8&amp;hq=dorfchemnitz&amp;hnear=Zw%C3%B6nitz,+Erzgebirgskreis,+Sachsen&amp;ll=50.655139,12.823657&amp;spn=0.06012,0.039055&amp;t=h\" style=\"color:#0000FF;text-align:left\">Gr\u00f6\u00dfere Kartenansicht<\/a><\/small><\/p>\n<p><img src=\"http:\/\/www5.wetter.com\/home\/woys\/woys.php?,C,1,DEPLZ,08297\" alt=\"\" \/><\/p>\n","protected":false},"excerpt":{"rendered":"<p>Einwohner ca. 1700 H\u00f6he 470 m \u00fc. N.N. Fl\u00e4che 837,44 ha Landkreis Stollberg (Erzgebirgskreis ab 2008) KFZ-Kennzeichen STL\/ERZ Postleitzahl D-08297 Vorwahl +(49) 37754 Bundesland Sachsen \/ Erzgebirgskreis Dorfchemnitz: Der Name bedeutet &#8222;Dorf am steinigen Bach&#8220; seit 1.1.1998 eingemeindet zu Stadt Zw\u00f6nitz Dorfchemnitz liegt in einem kleinen Tal indem der Fluss Zw\u00f6nitz durchflie\u00dft. Der Ort hat [&hellip;]<\/p>\n","protected":false},"author":1,"featured_media":0,"parent":0,"menu_order":0,"comment_status":"closed","ping_status":"closed","template":"","meta":[],"aioseo_notices":[],"_links":{"self":[{"href":"http:\/\/dorfchemnitz.de\/dcz.de_2010\/index.php?rest_route=\/wp\/v2\/pages\/4"}],"collection":[{"href":"http:\/\/dorfchemnitz.de\/dcz.de_2010\/index.php?rest_route=\/wp\/v2\/pages"}],"about":[{"href":"http:\/\/dorfchemnitz.de\/dcz.de_2010\/index.php?rest_route=\/wp\/v2\/types\/page"}],"author":[{"embeddable":true,"href":"http:\/\/dorfchemnitz.de\/dcz.de_2010\/index.php?rest_route=\/wp\/v2\/users\/1"}],"replies":[{"embeddable":true,"href":"http:\/\/dorfchemnitz.de\/dcz.de_2010\/index.php?rest_route=%2Fwp%2Fv2%2Fcomments&post=4"}],"version-history":[{"count":8,"href":"http:\/\/dorfchemnitz.de\/dcz.de_2010\/index.php?rest_route=\/wp\/v2\/pages\/4\/revisions"}],"predecessor-version":[{"id":790,"href":"http:\/\/dorfchemnitz.de\/dcz.de_2010\/index.php?rest_route=\/wp\/v2\/pages\/4\/revisions\/790"}],"wp:attachment":[{"href":"http:\/\/dorfchemnitz.de\/dcz.de_2010\/index.php?rest_route=%2Fwp%2Fv2%2Fmedia&parent=4"}],"curies":[{"name":"wp","href":"https:\/\/api.w.org\/{rel}","templated":true}]}}